{"id":78,"date":"2022-10-17T07:03:13","date_gmt":"2022-10-17T07:03:13","guid":{"rendered":"https:\/\/symmaservicios.com\/index.php\/home\/"},"modified":"2026-03-11T23:41:39","modified_gmt":"2026-03-11T23:41:39","slug":"inicio","status":"publish","type":"page","link":"https:\/\/tecno.symmaservicios.com\/","title":{"rendered":"Inicio"},"content":{"rendered":"\n<div data-aos= \"fade-down\" data-aos-duration=\"400\" data-aos-delay=\"0\" data-aos-easing=\"ease\" data-aos-once=\"true\" class=\"wp-block-uagb-container uagb-block-344bf4c5 alignfull uagb-is-root-container\">\n<div class=\"wp-block-uagb-info-box uagb-block-c5e26958 uagb-infobox__content-wrap  uagb-infobox-icon-above-title uagb-infobox-image-valign-top\"><div class=\"uagb-ifb-content\"><div class=\"uagb-ifb-title-wrap\"><h2 class=\"uagb-ifb-title\"><strong>HACEMOS REALIDAD TUS PROYECTO<\/strong>S<\/h2><\/div><\/div><\/div>\n<\/div>\n\n\n\n<div class=\"wp-block-uagb-container uagb-block-40e14df1 alignfull uagb-is-root-container\"><div class=\"uagb-container-inner-blocks-wrap\">\n<div class=\"wp-block-uagb-container uagb-block-aaf831fd\">\n<div data-aos= \"slide-down\" data-aos-duration=\"400\" data-aos-delay=\"0\" data-aos-easing=\"ease\" data-aos-once=\"true\" class=\"wp-block-uagb-info-box uagb-block-cc4f2b9e uagb-infobox__content-wrap  uagb-infobox-icon-above-title uagb-infobox-image-valign-top\"><div class=\"uagb-ifb-content\"><div class=\"uagb-ifb-image-content\"><img decoding=\"async\" src=\"https:\/\/tecno.symmaservicios.com\/wp-content\/uploads\/2024\/01\/PAGINA-INICIO-DISENO-WEB-SYMMA-SERVICIOS.jpg\" alt=\"\" width=\"100\" height=\"66\" loading=\"lazy\"\/><\/div><div class=\"uagb-ifb-title-wrap\"><h4 class=\"uagb-ifb-title\">Dise\u00f1o Web<\/h4><\/div><p class=\"uagb-ifb-desc\"> Dise\u00f1o Web personalizado para los diferentes tipos de negocio con la finalidad de captar audiencia e incrementar su presencia en internet.<\/p><\/div><\/div>\n<\/div>\n\n\n\n<div class=\"wp-block-uagb-container uagb-block-0dd2980a\">\n<div data-aos= \"slide-down\" data-aos-duration=\"400\" data-aos-delay=\"0\" data-aos-easing=\"ease\" data-aos-once=\"true\" class=\"wp-block-uagb-info-box uagb-block-b374b01f uagb-infobox__content-wrap  uagb-infobox-icon-above-title uagb-infobox-image-valign-top\"><div class=\"uagb-ifb-content\"><div class=\"uagb-ifb-image-content\"><img decoding=\"async\" src=\"https:\/\/tecno.symmaservicios.com\/wp-content\/uploads\/2026\/03\/pexels-sora-shimazaki-5935787-scaled.jpg\" alt=\"paginas web y tecnologia para negocios\" width=\"100\" height=\"66\" loading=\"lazy\"\/><\/div><div class=\"uagb-ifb-title-wrap\"><h4 class=\"uagb-ifb-title\">Tecnolog\u00eda para tu Negocio<\/h4><\/div><p class=\"uagb-ifb-desc\"> Creamos soluciones tecnol\u00f3gicas para tu negocio, desde un agente basado en Inteligencia Artificial hasta embudos de ventas completos.<\/p><\/div><\/div>\n<\/div>\n\n\n\n<div class=\"wp-block-uagb-container uagb-block-a70e577c\">\n<div data-aos= \"slide-down\" data-aos-duration=\"400\" data-aos-delay=\"0\" data-aos-easing=\"ease\" data-aos-once=\"true\" class=\"wp-block-uagb-info-box uagb-block-bfde9e54 uagb-infobox__content-wrap  uagb-infobox-icon-above-title uagb-infobox-image-valign-top\"><div class=\"uagb-ifb-content\"><div class=\"uagb-ifb-image-content\"><img decoding=\"async\" src=\"https:\/\/tecno.symmaservicios.com\/wp-content\/uploads\/2026\/03\/pexels-pixabay-40185-scaled.jpg\" alt=\"seo local y seo global\" width=\"100\" height=\"61\" loading=\"lazy\"\/><\/div><div class=\"uagb-ifb-title-wrap\"><h4 class=\"uagb-ifb-title\">SEO Local y Global<\/h4><\/div><p class=\"uagb-ifb-desc\"> \u00bfQuiere atraer clientes a su p\u00e1gina?. S\u00f3lo tienes que tener una buena estrategia SEO Local y Global. Eso es lo que hacemos.<\/p><\/div><\/div>\n<\/div>\n<\/div><\/div>\n\n\n\n<div class=\"wp-block-uagb-container uagb-block-c93ddd66 alignfull uagb-is-root-container\"><div class=\"uagb-container-inner-blocks-wrap\">\n<div class=\"wp-block-uagb-container uagb-block-19ed810f\">\n<div class=\"wp-block-uagb-info-box uagb-block-8b5fbd53 uagb-infobox__content-wrap  uagb-infobox-icon-above-title uagb-infobox-image-valign-top\"><div class=\"uagb-ifb-content\"><div class=\"uagb-ifb-title-wrap\"><h2 class=\"uagb-ifb-title\">ACERCA DE NOSOTROS<\/h2><\/div><p class=\"uagb-ifb-desc\"><br>Somos especialistas en ofrecer las mejores soluciones tecnol\u00f3gicas para nuestros clientes. Amamos lo que hacemos y lo proyectamos en cada trabajo realizado. Eso es lo que somos en SYMMA Servicios. Desde una p\u00e1gina web profesional hasta una compleja soluci\u00f3n utilizando IA y otras tecnolog\u00edas.<br><br><\/p><\/div><\/div>\n<\/div>\n\n\n\n<div class=\"wp-block-uagb-container uagb-block-1ecbc396\">\n<div data-aos= \"fade-down\" data-aos-duration=\"400\" data-aos-delay=\"0\" data-aos-easing=\"ease\" data-aos-once=\"true\" class=\"wp-block-uagb-image uagb-block-0d4b1541 wp-block-uagb-image--layout-default wp-block-uagb-image--effect-static wp-block-uagb-image--align-none\"><figure class=\"wp-block-uagb-image__figure\"><img decoding=\"async\" srcset=\"https:\/\/tecno.symmaservicios.com\/wp-content\/uploads\/2024\/01\/typing-849806_1280.jpg ,https:\/\/tecno.symmaservicios.com\/wp-content\/uploads\/2024\/01\/typing-849806_1280.jpg 780w, https:\/\/tecno.symmaservicios.com\/wp-content\/uploads\/2024\/01\/typing-849806_1280.jpg 360w\" sizes=\"auto, (max-width: 480px) 150px\" src=\"https:\/\/tecno.symmaservicios.com\/wp-content\/uploads\/2024\/01\/typing-849806_1280.jpg\" alt=\"ACERCA DE NOSOTROS SYMMA SERVICIOS\" class=\"uag-image-885\" width=\"1236\" height=\"920\" title=\"\" loading=\"lazy\" role=\"img\"\/><\/figure><\/div>\n<\/div>\n<\/div><\/div>\n\n\n\n<div data-aos= \"fade-down\" data-aos-duration=\"400\" data-aos-delay=\"0\" data-aos-easing=\"ease\" data-aos-once=\"true\" class=\"wp-block-uagb-container uagb-block-3910331a alignfull uagb-is-root-container\"><div class=\"uagb-container-inner-blocks-wrap\">\n<div class=\"wp-block-uagb-call-to-action uagb-block-a7e0f6aa wp-block-button\"><div class=\"uagb-cta__wrap\"><p class=\"uagb-cta__desc\"><strong>\u00bfTienes preguntas? Estamos siempre listos para hablar sobre tus proyectos y plantear en conjunto c\u00f3mo podemos apoyarte.<\/strong><\/p><\/div><div class=\"uagb-cta__buttons\"><a href=\"https:\/\/tecno.symmaservicios.com\/index.php\/contacto\/\" class=\"uagb-cta__button-link-wrapper wp-block-button__link\" target=\"_self\" rel=\"noopener noreferrer\">COMUN\u00cdCATE CON NOSOTROS<\/a><\/div><\/div>\n<\/div><\/div>\n","protected":false},"excerpt":{"rendered":"","protected":false},"author":1,"featured_media":0,"parent":0,"menu_order":0,"comment_status":"closed","ping_status":"closed","template":"","meta":{"_uag_custom_page_level_css":"","site-sidebar-layout":"default","site-content-layout":"page-builder","ast-site-content-layout":"full-width-container","site-content-style":"unboxed","site-sidebar-style":"unboxed","ast-global-header-display":"","ast-banner-title-visibility":"","ast-main-header-display":"","ast-hfb-above-header-display":"","ast-hfb-below-header-display":"","ast-hfb-mobile-header-display":"","site-post-title":"disabled","ast-breadcrumbs-content":"","ast-featured-img":"","footer-sml-layout":"","theme-transparent-header-meta":"disabled","adv-header-id-meta":"","stick-header-meta":"","header-above-stick-meta":"","header-main-stick-meta":"","header-below-stick-meta":"","astra-migrate-meta-layouts":"set","ast-page-background-enabled":"default","ast-page-background-meta":{"desktop":{"background-color":"var(--ast-global-color-4)","background-image":"","background-repeat":"repeat","background-position":"center center","background-size":"auto","background-attachment":"scroll","background-type":"","background-media":"","overlay-type":"","overlay-color":"","overlay-opacity":"","overlay-gradient":""},"tablet":{"background-color":"","background-image":"","background-repeat":"repeat","background-position":"center center","background-size":"auto","background-attachment":"scroll","background-type":"","background-media":"","overlay-type":"","overlay-color":"","overlay-opacity":"","overlay-gradient":""},"mobile":{"background-color":"","background-image":"","background-repeat":"repeat","background-position":"center center","background-size":"auto","background-attachment":"scroll","background-type":"","background-media":"","overlay-type":"","overlay-color":"","overlay-opacity":"","overlay-gradient":""}},"ast-content-background-meta":{"desktop":{"background-color":"var(--ast-global-color-5)","background-image":"","background-repeat":"repeat","background-position":"center center","background-size":"auto","background-attachment":"scroll","background-type":"","background-media":"","overlay-type":"","overlay-color":"","overlay-opacity":"","overlay-gradient":""},"tablet":{"background-color":"var(--ast-global-color-5)","background-image":"","background-repeat":"repeat","background-position":"center center","background-size":"auto","background-attachment":"scroll","background-type":"","background-media":"","overlay-type":"","overlay-color":"","overlay-opacity":"","overlay-gradient":""},"mobile":{"background-color":"var(--ast-global-color-5)","background-image":"","background-repeat":"repeat","background-position":"center center","background-size":"auto","background-attachment":"scroll","background-type":"","background-media":"","overlay-type":"","overlay-color":"","overlay-opacity":"","overlay-gradient":""}},"_joinchat":[],"footnotes":""},"class_list":["post-78","page","type-page","status-publish","hentry"],"uagb_featured_image_src":{"full":false,"thumbnail":false,"medium":false,"medium_large":false,"large":false,"1536x1536":false,"2048x2048":false},"uagb_author_info":{"display_name":"symmaservicios.com","author_link":"https:\/\/tecno.symmaservicios.com\/index.php\/author\/symmaservicios-com\/"},"uagb_comment_info":0,"uagb_excerpt":null,"_links":{"self":[{"href":"https:\/\/tecno.symmaservicios.com\/index.php\/wp-json\/wp\/v2\/pages\/78","targetHints":{"allow":["GET"]}}],"collection":[{"href":"https:\/\/tecno.symmaservicios.com\/index.php\/wp-json\/wp\/v2\/pages"}],"about":[{"href":"https:\/\/tecno.symmaservicios.com\/index.php\/wp-json\/wp\/v2\/types\/page"}],"author":[{"embeddable":true,"href":"https:\/\/tecno.symmaservicios.com\/index.php\/wp-json\/wp\/v2\/users\/1"}],"replies":[{"embeddable":true,"href":"https:\/\/tecno.symmaservicios.com\/index.php\/wp-json\/wp\/v2\/comments?post=78"}],"version-history":[{"count":75,"href":"https:\/\/tecno.symmaservicios.com\/index.php\/wp-json\/wp\/v2\/pages\/78\/revisions"}],"predecessor-version":[{"id":1148,"href":"https:\/\/tecno.symmaservicios.com\/index.php\/wp-json\/wp\/v2\/pages\/78\/revisions\/1148"}],"wp:attachment":[{"href":"https:\/\/tecno.symmaservicios.com\/index.php\/wp-json\/wp\/v2\/media?parent=78"}],"curies":[{"name":"wp","href":"https:\/\/api.w.org\/{rel}","templated":true}]}}